{"id":2511,"date":"2019-12-04T19:57:50","date_gmt":"2019-12-04T18:57:50","guid":{"rendered":"https:\/\/www.rotronics.com\/?page_id=2511"},"modified":"2021-06-25T16:05:23","modified_gmt":"2021-06-25T14:05:23","slug":"blog","status":"publish","type":"page","link":"https:\/\/www.rotronics.com\/fr\/blog\/","title":{"rendered":"Actualit\u00e9s"},"content":{"rendered":"<p><div class=\"fusion-fullwidth fullwidth-box fusion-builder-row-1 fusion-flex-container nonhundred-percent-fullwidth non-hundred-percent-height-scrolling container-classique\" style=\"--awb-border-radius-top-left:0px;--awb-border-radius-top-right:0px;--awb-border-radius-bottom-right:0px;--awb-border-radius-bottom-left:0px;--awb-flex-wrap:wrap;\" ><div class=\"fusion-builder-row fusion-row fusion-flex-align-items-flex-start fusion-flex-content-wrap\" style=\"max-width:1144px;margin-left: calc(-4% \/ 2 );margin-right: calc(-4% \/ 2 );\"><div class=\"fusion-layout-column fusion_builder_column fusion-builder-column-0 fusion_builder_column_1_1 1_1 fusion-flex-column\" style=\"--awb-bg-size:cover;--awb-width-large:100%;--awb-margin-top-large:0px;--awb-spacing-right-large:1.92%;--awb-margin-bottom-large:0px;--awb-spacing-left-large:1.92%;--awb-width-medium:100%;--awb-order-medium:0;--awb-spacing-right-medium:1.92%;--awb-spacing-left-medium:1.92%;--awb-width-small:100%;--awb-order-small:0;--awb-spacing-right-small:1.92%;--awb-spacing-left-small:1.92%;\"><div class=\"fusion-column-wrapper fusion-column-has-shadow fusion-flex-justify-content-flex-start fusion-content-layout-column\"><div class=\"fusion-text fusion-text-1\" style=\"--awb-content-alignment:center;\"><h1>Actualit\u00e9s<\/h1>\n<\/div><\/div><\/div><\/div><\/div><div class=\"fusion-fullwidth fullwidth-box fusion-builder-row-2 nonhundred-percent-fullwidth non-hundred-percent-height-scrolling fusion-equal-height-columns\" style=\"--awb-border-radius-top-left:0px;--awb-border-radius-top-right:0px;--awb-border-radius-bottom-right:0px;--awb-border-radius-bottom-left:0px;--awb-flex-wrap:wrap;\" ><div class=\"fusion-builder-row fusion-row\"><div class=\"fusion-layout-column fusion_builder_column fusion-builder-column-1 fusion_builder_column_1_1 1_1 fusion-one-full fusion-column-first fusion-column-last fusion-column-no-min-height\" style=\"--awb-bg-size:cover;\"><div class=\"fusion-column-wrapper fusion-column-has-shadow fusion-flex-column-wrapper-legacy\"><div class=\"fusion-blog-shortcode fusion-blog-shortcode-1 fusion-blog-archive fusion-blog-layout-grid-wrapper fusion-blog-infinite\"><style type=\"text\/css\">.fusion-blog-shortcode-1 .fusion-blog-layout-grid .fusion-post-grid{padding:20px;}.fusion-blog-shortcode-1 .fusion-posts-container{margin-left: -20px !important; margin-right:-20px !important;}<\/style><div class=\"fusion-posts-container fusion-posts-container-infinite fusion-blog-layout-grid fusion-blog-layout-grid-3 isotope\" data-pages=\"4\" data-grid-col-space=\"40\" style=\"margin: -20px -20px 0;min-height:500px;\"><article id=\"blog-1-post-7102\" class=\"fusion-post-grid post-7102 post type-post status-publish format-standard has-post-thumbnail hentry category-blog category-rotronics-news category-salons\">\n<div class=\"fusion-post-wrapper\" style=\"background-color:rgba(255,255,255,0);border:1px solid #ebeaea;border-bottom-width:3px;\">\n\n\t\t\t<div class=\"fusion-flexslider flexslider fusion-flexslider-loading fusion-post-slideshow\" style=\"border-color:#ebeaea;\">\n\t\t<ul class=\"slides\">\n\t\t\t\n\t\t\t\t\t\t\t\t\t\t\t\t\t\t<li><div  class=\"fusion-image-wrapper\" aria-haspopup=\"true\">\n\t\t\t\t\t\t\t<a href=\"https:\/\/www.rotronics.com\/fr\/impulsions-de-couple\/\" aria-label=\"Des impulsions de couple dans le sp\u00e9cimen\">\n\t\t\t\t\t\t\t<img decoding=\"async\" width=\"800\" height=\"782\" src=\"https:\/\/www.rotronics.com\/wp-content\/uploads\/2023\/11\/MACHINE_BATI_DETOURE.jpg\" class=\"attachment-full size-full wp-post-image\" alt=\"\" srcset=\"https:\/\/www.rotronics.com\/wp-content\/uploads\/2023\/11\/MACHINE_BATI_DETOURE-200x196.jpg 200w, https:\/\/www.rotronics.com\/wp-content\/uploads\/2023\/11\/MACHINE_BATI_DETOURE-400x391.jpg 400w, https:\/\/www.rotronics.com\/wp-content\/uploads\/2023\/11\/MACHINE_BATI_DETOURE-600x587.jpg 600w, https:\/\/www.rotronics.com\/wp-content\/uploads\/2023\/11\/MACHINE_BATI_DETOURE.jpg 800w\" sizes=\"(min-width: 2200px) 100vw, (min-width: 784px) 340px, (min-width: 712px) 510px, (min-width: 640px) 712px, \" \/>\t\t\t<\/a>\n\t\t\t\t\t\t\t<\/div>\n<\/li>\n\t\t\t\n\t\t\t\n\t\t\t\t\t\t\t\t\t\t\t\t\t\t\t\t\t\t\t\t\t\t\t\t\t\t\t\t\t\t\t\t\t\t\t\t\t\t\t\t\t\t\t\t\t\t\t\t\t\t\t\t\t\t\t\t\t\t\t\t\t\t\t\t\t\t\t\t<\/ul>\n\t<\/div>\n\t<div class=\"fusion-post-content-wrapper\" style=\"padding:30px 25px 20px 25px;\"><div class=\"fusion-post-content post-content\"><h2 class=\"blog-shortcode-post-title entry-title\"><a href=\"https:\/\/www.rotronics.com\/fr\/impulsions-de-couple\/\">Des impulsions de couple dans le sp\u00e9cimen<\/a><\/h2><p class=\"fusion-single-line-meta\"><span class=\"updated\" style=\"display:none;\">2024-01-22T08:30:49+01:00<\/span><span>22 janvier 2024<\/span><span class=\"fusion-inline-sep\">|<\/span><\/p><div class=\"fusion-content-sep sep-double sep-solid\"><\/div><div class=\"fusion-post-content-container\"><p> Simulez des \u00e0-coups de couple dans votre banc moteur Pour une application client tr\u00e8s sp\u00e9cifique, Rotronics a offert une solution de pilotage qui g\u00e9n\u00e9re des a-coups de couple. Dans son utilisation quotidienne, le [...]<\/p><\/div><\/div><div class=\"fusion-meta-info\"><div class=\"fusion-alignleft\"><a class=\"fusion-read-more\" href=\"https:\/\/www.rotronics.com\/fr\/impulsions-de-couple\/\" aria-label=\"More on Des impulsions de couple dans le sp\u00e9cimen\">Lire Plus<\/a><\/div><\/div><\/div><div class=\"fusion-clearfix\"><\/div><\/div>\n<\/article>\n<article id=\"blog-1-post-7135\" class=\"fusion-post-grid post-7135 post type-post status-publish format-standard has-post-thumbnail hentry category-blog category-rotronics-news category-salons\">\n<div class=\"fusion-post-wrapper\" style=\"background-color:rgba(255,255,255,0);border:1px solid #ebeaea;border-bottom-width:3px;\">\n\n\t\t\t<div class=\"fusion-flexslider flexslider fusion-flexslider-loading fusion-post-slideshow\" style=\"border-color:#ebeaea;\">\n\t\t<ul class=\"slides\">\n\t\t\t\n\t\t\t\t\t\t\t\t\t\t\t\t\t\t<li><div  class=\"fusion-image-wrapper\" aria-haspopup=\"true\">\n\t\t\t\t\t\t\t<a href=\"https:\/\/www.rotronics.com\/fr\/vcharger-station-de-recharge-de-ve\/\" aria-label=\"V Charger : solution de recharge de v\u00e9hicule \u00e9lectrique mobile\">\n\t\t\t\t\t\t\t<img decoding=\"async\" width=\"2560\" height=\"1920\" src=\"https:\/\/www.rotronics.com\/wp-content\/uploads\/2023\/01\/20220628_152657-scaled.jpg\" class=\"attachment-full size-full wp-post-image\" alt=\"\" srcset=\"https:\/\/www.rotronics.com\/wp-content\/uploads\/2023\/01\/20220628_152657-200x150.jpg 200w, https:\/\/www.rotronics.com\/wp-content\/uploads\/2023\/01\/20220628_152657-400x300.jpg 400w, https:\/\/www.rotronics.com\/wp-content\/uploads\/2023\/01\/20220628_152657-600x450.jpg 600w, https:\/\/www.rotronics.com\/wp-content\/uploads\/2023\/01\/20220628_152657-800x600.jpg 800w, https:\/\/www.rotronics.com\/wp-content\/uploads\/2023\/01\/20220628_152657-1200x900.jpg 1200w, https:\/\/www.rotronics.com\/wp-content\/uploads\/2023\/01\/20220628_152657-scaled.jpg 2560w\" sizes=\"(min-width: 2200px) 100vw, (min-width: 784px) 340px, (min-width: 712px) 510px, (min-width: 640px) 712px, \" \/>\t\t\t<\/a>\n\t\t\t\t\t\t\t<\/div>\n<\/li>\n\t\t\t\n\t\t\t\n\t\t\t\t\t\t\t\t\t\t\t\t\t\t\t\t\t\t\t\t\t\t\t\t\t\t\t\t\t\t\t\t\t\t\t\t\t\t\t\t\t\t\t\t\t\t\t\t\t\t\t\t\t\t\t\t\t\t\t\t\t\t\t\t\t\t\t\t<\/ul>\n\t<\/div>\n\t<div class=\"fusion-post-content-wrapper\" style=\"padding:30px 25px 20px 25px;\"><div class=\"fusion-post-content post-content\"><h2 class=\"blog-shortcode-post-title entry-title\"><a href=\"https:\/\/www.rotronics.com\/fr\/vcharger-station-de-recharge-de-ve\/\">V Charger : solution de recharge de v\u00e9hicule \u00e9lectrique mobile<\/a><\/h2><p class=\"fusion-single-line-meta\"><span class=\"updated\" style=\"display:none;\">2023-12-04T14:02:05+01:00<\/span><span>4 d\u00e9cembre 2023<\/span><span class=\"fusion-inline-sep\">|<\/span><\/p><div class=\"fusion-content-sep sep-double sep-solid\"><\/div><div class=\"fusion-post-content-container\"><p> Le Vcharger : une solution mobile de recharge de v\u00e9hicule \u00e9lectrique Encore aujourd'hui, la recharge d'un v\u00e9hicule \u00e9lectrique peut, dans certaines zones, \u00eatre probl\u00e9matique. En\u00a0 effet, les bornes de recharge ne sont pas [...]<\/p><\/div><\/div><div class=\"fusion-meta-info\"><div class=\"fusion-alignleft\"><a class=\"fusion-read-more\" href=\"https:\/\/www.rotronics.com\/fr\/vcharger-station-de-recharge-de-ve\/\" aria-label=\"More on V Charger : solution de recharge de v\u00e9hicule \u00e9lectrique mobile\">Lire Plus<\/a><\/div><\/div><\/div><div class=\"fusion-clearfix\"><\/div><\/div>\n<\/article>\n<article id=\"blog-1-post-7120\" class=\"fusion-post-grid post-7120 post type-post status-publish format-standard has-post-thumbnail hentry category-blog category-rotronics-news category-salons\">\n<div class=\"fusion-post-wrapper\" style=\"background-color:rgba(255,255,255,0);border:1px solid #ebeaea;border-bottom-width:3px;\">\n\n\t\t\t<div class=\"fusion-flexslider flexslider fusion-flexslider-loading fusion-post-slideshow\" style=\"border-color:#ebeaea;\">\n\t\t<ul class=\"slides\">\n\t\t\t\n\t\t\t\t\t\t\t\t\t\t\t\t\t\t<li><div  class=\"fusion-image-wrapper\" aria-haspopup=\"true\">\n\t\t\t\t\t\t\t<a href=\"https:\/\/www.rotronics.com\/fr\/decouvrez-itest\/\" aria-label=\"Une suite logicielle temps r\u00e9el\">\n\t\t\t\t\t\t\t<img decoding=\"async\" width=\"1920\" height=\"1030\" src=\"https:\/\/www.rotronics.com\/wp-content\/uploads\/2023\/11\/itest.png\" class=\"attachment-full size-full wp-post-image\" alt=\"\" srcset=\"https:\/\/www.rotronics.com\/wp-content\/uploads\/2023\/11\/itest-200x107.png 200w, https:\/\/www.rotronics.com\/wp-content\/uploads\/2023\/11\/itest-400x215.png 400w, https:\/\/www.rotronics.com\/wp-content\/uploads\/2023\/11\/itest-600x322.png 600w, https:\/\/www.rotronics.com\/wp-content\/uploads\/2023\/11\/itest-800x429.png 800w, https:\/\/www.rotronics.com\/wp-content\/uploads\/2023\/11\/itest-1200x644.png 1200w, https:\/\/www.rotronics.com\/wp-content\/uploads\/2023\/11\/itest.png 1920w\" sizes=\"(min-width: 2200px) 100vw, (min-width: 784px) 340px, (min-width: 712px) 510px, (min-width: 640px) 712px, \" \/>\t\t\t<\/a>\n\t\t\t\t\t\t\t<\/div>\n<\/li>\n\t\t\t\n\t\t\t\n\t\t\t\t\t\t\t\t\t\t\t\t\t\t\t\t\t\t\t\t\t\t\t\t\t\t\t\t\t\t\t\t\t\t\t\t\t\t\t\t\t\t\t\t\t\t\t\t\t\t\t\t\t\t\t\t\t\t\t\t\t\t\t\t\t\t\t\t<\/ul>\n\t<\/div>\n\t<div class=\"fusion-post-content-wrapper\" style=\"padding:30px 25px 20px 25px;\"><div class=\"fusion-post-content post-content\"><h2 class=\"blog-shortcode-post-title entry-title\"><a href=\"https:\/\/www.rotronics.com\/fr\/decouvrez-itest\/\">Une suite logicielle temps r\u00e9el<\/a><\/h2><p class=\"fusion-single-line-meta\"><span class=\"updated\" style=\"display:none;\">2023-11-15T14:20:14+01:00<\/span><span>15 novembre 2023<\/span><span class=\"fusion-inline-sep\">|<\/span><\/p><div class=\"fusion-content-sep sep-double sep-solid\"><\/div><div class=\"fusion-post-content-container\"><p> Notre solution de pilotage de banc d'essai Rotronics int\u00e8gre depuis maintenant plusieurs ann\u00e9es la suite logicielle Itest. D\u00e9velopp\u00e9e par A&amp;D, cette solution \u00e9quipe aujourd'hui un tr\u00e8s grand nombre de banc d'essais : v\u00e9hicules, [...]<\/p><\/div><\/div><div class=\"fusion-meta-info\"><div class=\"fusion-alignleft\"><a class=\"fusion-read-more\" href=\"https:\/\/www.rotronics.com\/fr\/decouvrez-itest\/\" aria-label=\"More on Une suite logicielle temps r\u00e9el\">Lire Plus<\/a><\/div><\/div><\/div><div class=\"fusion-clearfix\"><\/div><\/div>\n<\/article>\n<article id=\"blog-1-post-7067\" class=\"fusion-post-grid post-7067 post type-post status-publish format-standard has-post-thumbnail hentry category-blog category-rotronics-news category-salons\">\n<div class=\"fusion-post-wrapper\" style=\"background-color:rgba(255,255,255,0);border:1px solid #ebeaea;border-bottom-width:3px;\">\n\n\t\t\t<div class=\"fusion-flexslider flexslider fusion-flexslider-loading fusion-post-slideshow\" style=\"border-color:#ebeaea;\">\n\t\t<ul class=\"slides\">\n\t\t\t\n\t\t\t\t\t\t\t\t\t\t\t\t\t\t<li><div  class=\"fusion-image-wrapper\" aria-haspopup=\"true\">\n\t\t\t\t\t\t\t<a href=\"https:\/\/www.rotronics.com\/fr\/banc-a-rouleaux-climatique-mobile\/\" aria-label=\"D\u00e9couvrez le Vracing\">\n\t\t\t\t\t\t\t<img decoding=\"async\" width=\"1074\" height=\"583\" src=\"https:\/\/www.rotronics.com\/wp-content\/uploads\/2023\/11\/VRACING2.jpg\" class=\"attachment-full size-full wp-post-image\" alt=\"\" srcset=\"https:\/\/www.rotronics.com\/wp-content\/uploads\/2023\/11\/VRACING2-200x109.jpg 200w, https:\/\/www.rotronics.com\/wp-content\/uploads\/2023\/11\/VRACING2-400x217.jpg 400w, https:\/\/www.rotronics.com\/wp-content\/uploads\/2023\/11\/VRACING2-600x326.jpg 600w, https:\/\/www.rotronics.com\/wp-content\/uploads\/2023\/11\/VRACING2-800x434.jpg 800w, https:\/\/www.rotronics.com\/wp-content\/uploads\/2023\/11\/VRACING2.jpg 1074w\" sizes=\"(min-width: 2200px) 100vw, (min-width: 784px) 340px, (min-width: 712px) 510px, (min-width: 640px) 712px, \" \/>\t\t\t<\/a>\n\t\t\t\t\t\t\t<\/div>\n<\/li>\n\t\t\t\n\t\t\t\n\t\t\t\t\t\t\t\t\t\t\t\t\t\t\t\t\t\t\t\t\t\t\t\t\t\t\t\t\t\t\t\t\t\t\t\t\t\t\t\t\t\t\t\t\t\t\t\t\t\t\t\t\t\t\t\t\t\t\t\t\t\t\t\t\t\t\t\t<\/ul>\n\t<\/div>\n\t<div class=\"fusion-post-content-wrapper\" style=\"padding:30px 25px 20px 25px;\"><div class=\"fusion-post-content post-content\"><h2 class=\"blog-shortcode-post-title entry-title\"><a href=\"https:\/\/www.rotronics.com\/fr\/banc-a-rouleaux-climatique-mobile\/\">D\u00e9couvrez le Vracing<\/a><\/h2><p class=\"fusion-single-line-meta\"><span class=\"updated\" style=\"display:none;\">2023-11-03T10:49:54+01:00<\/span><span>3 novembre 2023<\/span><span class=\"fusion-inline-sep\">|<\/span><\/p><div class=\"fusion-content-sep sep-double sep-solid\"><\/div><div class=\"fusion-post-content-container\"><p> Rotronics d\u00e9voile le VRacing Pour r\u00e9pondre \u00e0 des sollicitations type racing de plus en plus exigeantes, Rotronics vous pr\u00e9sente le VRacing. Rotronics proposait d\u00e9j\u00e0 le Vroad, banc \u00e0 rouleaux climatique mobile pour r\u00e9pondre [...]<\/p><\/div><\/div><div class=\"fusion-meta-info\"><div class=\"fusion-alignleft\"><a class=\"fusion-read-more\" href=\"https:\/\/www.rotronics.com\/fr\/banc-a-rouleaux-climatique-mobile\/\" aria-label=\"More on D\u00e9couvrez le Vracing\">Lire Plus<\/a><\/div><\/div><\/div><div class=\"fusion-clearfix\"><\/div><\/div>\n<\/article>\n<article id=\"blog-1-post-6077\" class=\"fusion-post-grid post-6077 post type-post status-publish format-standard has-post-thumbnail hentry category-blog category-rotronics-news category-salons\">\n<div class=\"fusion-post-wrapper\" style=\"background-color:rgba(255,255,255,0);border:1px solid #ebeaea;border-bottom-width:3px;\">\n\n\t\t\t<div class=\"fusion-flexslider flexslider fusion-flexslider-loading fusion-post-slideshow\" style=\"border-color:#ebeaea;\">\n\t\t<ul class=\"slides\">\n\t\t\t\n\t\t\t\t\t\t\t\t\t\t\t\t\t\t<li><div  class=\"fusion-image-wrapper\" aria-haspopup=\"true\">\n\t\t\t\t\t\t\t<a href=\"https:\/\/www.rotronics.com\/fr\/banc-dessai-batterie\/\" aria-label=\"Banc batterie BTS chez Rotronics\">\n\t\t\t\t\t\t\t<img decoding=\"async\" width=\"626\" height=\"626\" src=\"https:\/\/www.rotronics.com\/wp-content\/uploads\/2023\/02\/iTEST-BTS-LG-02-01.png\" class=\"attachment-full size-full wp-post-image\" alt=\"\" srcset=\"https:\/\/www.rotronics.com\/wp-content\/uploads\/2023\/02\/iTEST-BTS-LG-02-01-200x200.png 200w, https:\/\/www.rotronics.com\/wp-content\/uploads\/2023\/02\/iTEST-BTS-LG-02-01-400x400.png 400w, https:\/\/www.rotronics.com\/wp-content\/uploads\/2023\/02\/iTEST-BTS-LG-02-01-600x600.png 600w, https:\/\/www.rotronics.com\/wp-content\/uploads\/2023\/02\/iTEST-BTS-LG-02-01.png 626w\" sizes=\"(min-width: 2200px) 100vw, (min-width: 784px) 340px, (min-width: 712px) 510px, (min-width: 640px) 712px, \" \/>\t\t\t<\/a>\n\t\t\t\t\t\t\t<\/div>\n<\/li>\n\t\t\t\n\t\t\t\n\t\t\t\t\t\t\t\t\t\t\t\t\t\t\t\t\t\t\t\t\t\t\t\t\t\t\t\t\t\t\t\t\t\t\t\t\t\t\t\t\t\t\t\t\t\t\t\t\t\t\t\t\t\t\t\t\t\t\t\t\t\t\t\t\t\t\t\t<\/ul>\n\t<\/div>\n\t<div class=\"fusion-post-content-wrapper\" style=\"padding:30px 25px 20px 25px;\"><div class=\"fusion-post-content post-content\"><h2 class=\"blog-shortcode-post-title entry-title\"><a href=\"https:\/\/www.rotronics.com\/fr\/banc-dessai-batterie\/\">Banc batterie BTS chez Rotronics<\/a><\/h2><p class=\"fusion-single-line-meta\"><span class=\"updated\" style=\"display:none;\">2023-02-03T10:04:12+01:00<\/span><span>3 f\u00e9vrier 2023<\/span><span class=\"fusion-inline-sep\">|<\/span><\/p><div class=\"fusion-content-sep sep-double sep-solid\"><\/div><div class=\"fusion-post-content-container\"><p> Rotronics propose des solutions de banc d'essai batterie. L\u2019\u00e9lectrification de l\u2019industrie du transport a particuli\u00e8rement acc\u00e9l\u00e9r\u00e9 ces derni\u00e8res ann\u00e9es. Afin de vous suivre dans vos d\u00e9veloppements d\u2019un v\u00e9hicule \u00e9lectrique, Rotronics propose des bancs [...]<\/p><\/div><\/div><div class=\"fusion-meta-info\"><div class=\"fusion-alignleft\"><a class=\"fusion-read-more\" href=\"https:\/\/www.rotronics.com\/fr\/banc-dessai-batterie\/\" aria-label=\"More on Banc batterie BTS chez Rotronics\">Lire Plus<\/a><\/div><\/div><\/div><div class=\"fusion-clearfix\"><\/div><\/div>\n<\/article>\n<article id=\"blog-1-post-5530\" class=\"fusion-post-grid post-5530 post type-post status-publish format-standard has-post-thumbnail hentry category-homepage category-rotronics-news\">\n<div class=\"fusion-post-wrapper\" style=\"background-color:rgba(255,255,255,0);border:1px solid #ebeaea;border-bottom-width:3px;\">\n\n\t\t\t<div class=\"fusion-flexslider flexslider fusion-flexslider-loading fusion-post-slideshow\" style=\"border-color:#ebeaea;\">\n\t\t<ul class=\"slides\">\n\t\t\t\n\t\t\t\t\t\t\t\t\t\t\t\t\t\t<li><div  class=\"fusion-image-wrapper\" aria-haspopup=\"true\">\n\t\t\t\t\t\t\t<a href=\"https:\/\/www.rotronics.com\/fr\/fermeture-de-rotronics-pour-noel-2022\/\" aria-label=\"FERMETURE DE ROTRONICS ET V-MOTECH POUR NO\u00cbL 2022\">\n\t\t\t\t\t\t\t<img decoding=\"async\" width=\"1000\" height=\"324\" src=\"https:\/\/www.rotronics.com\/wp-content\/uploads\/2022\/07\/Rotronics-large-white.jpg\" class=\"attachment-full size-full wp-post-image\" alt=\"\" srcset=\"https:\/\/www.rotronics.com\/wp-content\/uploads\/2022\/07\/Rotronics-large-white-200x65.jpg 200w, https:\/\/www.rotronics.com\/wp-content\/uploads\/2022\/07\/Rotronics-large-white-400x130.jpg 400w, https:\/\/www.rotronics.com\/wp-content\/uploads\/2022\/07\/Rotronics-large-white-600x194.jpg 600w, https:\/\/www.rotronics.com\/wp-content\/uploads\/2022\/07\/Rotronics-large-white-800x259.jpg 800w, https:\/\/www.rotronics.com\/wp-content\/uploads\/2022\/07\/Rotronics-large-white.jpg 1000w\" sizes=\"(min-width: 2200px) 100vw, (min-width: 784px) 340px, (min-width: 712px) 510px, (min-width: 640px) 712px, \" \/>\t\t\t<\/a>\n\t\t\t\t\t\t\t<\/div>\n<\/li>\n\t\t\t\n\t\t\t\n\t\t\t\t\t\t\t\t\t\t\t\t\t\t\t\t\t\t\t\t\t\t\t\t\t\t\t\t\t\t\t\t\t\t\t\t\t\t\t\t\t\t\t\t\t\t\t\t\t\t\t\t\t\t\t\t\t\t\t\t\t\t\t\t\t\t\t\t<\/ul>\n\t<\/div>\n\t<div class=\"fusion-post-content-wrapper\" style=\"padding:30px 25px 20px 25px;\"><div class=\"fusion-post-content post-content\"><h2 class=\"blog-shortcode-post-title entry-title\"><a href=\"https:\/\/www.rotronics.com\/fr\/fermeture-de-rotronics-pour-noel-2022\/\">FERMETURE DE ROTRONICS ET V-MOTECH POUR NO\u00cbL 2022<\/a><\/h2><p class=\"fusion-single-line-meta\"><span class=\"updated\" style=\"display:none;\">2022-12-23T11:32:52+01:00<\/span><span>23 d\u00e9cembre 2022<\/span><span class=\"fusion-inline-sep\">|<\/span><\/p><div class=\"fusion-content-sep sep-double sep-solid\"><\/div><div class=\"fusion-post-content-container\"><p> Cher client(e) Nous esp\u00e9rons que vous et vos proches vous portez bien. Nous vous informons que les soci\u00e9t\u00e9s Rotronics et V-Motech seront ferm\u00e9es pour les f\u00eates de fin d'ann\u00e9e du lundi 26 au [...]<\/p><\/div><\/div><div class=\"fusion-meta-info\"><div class=\"fusion-alignleft\"><a class=\"fusion-read-more\" href=\"https:\/\/www.rotronics.com\/fr\/fermeture-de-rotronics-pour-noel-2022\/\" aria-label=\"More on FERMETURE DE ROTRONICS ET V-MOTECH POUR NO\u00cbL 2022\">Lire Plus<\/a><\/div><\/div><\/div><div class=\"fusion-clearfix\"><\/div><\/div>\n<\/article>\n<div class=\"fusion-clearfix\"><\/div><\/div><div class=\"fusion-infinite-scroll-trigger\"><\/div><div class=\"pagination infinite-scroll clearfix\" style=\"display:none;\"><span class=\"current\">1<\/span><a href=\"https:\/\/www.rotronics.com\/fr\/wp-json\/wp\/v2\/pages\/2511\/page\/2\/\" class=\"inactive\">2<\/a><a class=\"pagination-next\" rel=\"next\" href=\"https:\/\/www.rotronics.com\/fr\/wp-json\/wp\/v2\/pages\/2511\/page\/2\/\"><span class=\"page-text\">Suivant<\/span><span class=\"page-next\"><\/span><\/a><\/div><div class=\"fusion-clearfix\"><\/div><\/div><div class=\"fusion-clearfix\"><\/div><\/div><\/div><\/div><\/div><\/p>\n","protected":false},"excerpt":{"rendered":"","protected":false},"author":1,"featured_media":0,"parent":0,"menu_order":0,"comment_status":"closed","ping_status":"closed","template":"","meta":{"footnotes":""},"class_list":["post-2511","page","type-page","status-publish","hentry"],"yoast_head":"<!-- This site is optimized with the Yoast SEO plugin v27.4 - https:\/\/yoast.com\/product\/yoast-seo-wordpress\/ -->\n<title>Actualit\u00e9s<\/title>\n<meta name=\"robots\" content=\"index, follow, max-snippet:-1, max-image-preview:large, max-video-preview:-1\" \/>\n<link rel=\"canonical\" href=\"https:\/\/www.rotronics.com\/fr\/blog\/\" \/>\n<meta property=\"og:locale\" content=\"fr_FR\" \/>\n<meta property=\"og:type\" content=\"article\" \/>\n<meta property=\"og:title\" content=\"Actualit\u00e9s\" \/>\n<meta property=\"og:url\" content=\"https:\/\/www.rotronics.com\/fr\/blog\/\" \/>\n<meta property=\"og:site_name\" content=\"Rotronics\" \/>\n<meta property=\"article:modified_time\" content=\"2021-06-25T14:05:23+00:00\" \/>\n<meta name=\"twitter:card\" content=\"summary_large_image\" \/>\n<script type=\"application\/ld+json\" class=\"yoast-schema-graph\">{\"@context\":\"https:\\\/\\\/schema.org\",\"@graph\":[{\"@type\":\"WebPage\",\"@id\":\"https:\\\/\\\/www.rotronics.com\\\/fr\\\/blog\\\/\",\"url\":\"https:\\\/\\\/www.rotronics.com\\\/fr\\\/blog\\\/\",\"name\":\"Actualit\u00e9s\",\"isPartOf\":{\"@id\":\"https:\\\/\\\/www.rotronics.com\\\/fr\\\/#website\"},\"datePublished\":\"2019-12-04T18:57:50+00:00\",\"dateModified\":\"2021-06-25T14:05:23+00:00\",\"inLanguage\":\"fr-FR\",\"potentialAction\":[{\"@type\":\"ReadAction\",\"target\":[\"https:\\\/\\\/www.rotronics.com\\\/fr\\\/blog\\\/\"]}]},{\"@type\":\"WebSite\",\"@id\":\"https:\\\/\\\/www.rotronics.com\\\/fr\\\/#website\",\"url\":\"https:\\\/\\\/www.rotronics.com\\\/fr\\\/\",\"name\":\"Rotronics\",\"description\":\"Bancs essais v\u00e9hicules, moteurs et composants\",\"potentialAction\":[{\"@type\":\"SearchAction\",\"target\":{\"@type\":\"EntryPoint\",\"urlTemplate\":\"https:\\\/\\\/www.rotronics.com\\\/fr\\\/?s={search_term_string}\"},\"query-input\":{\"@type\":\"PropertyValueSpecification\",\"valueRequired\":true,\"valueName\":\"search_term_string\"}}],\"inLanguage\":\"fr-FR\"}]}<\/script>\n<!-- \/ Yoast SEO plugin. -->","yoast_head_json":{"title":"Actualit\u00e9s","robots":{"index":"index","follow":"follow","max-snippet":"max-snippet:-1","max-image-preview":"max-image-preview:large","max-video-preview":"max-video-preview:-1"},"canonical":"https:\/\/www.rotronics.com\/fr\/blog\/","og_locale":"fr_FR","og_type":"article","og_title":"Actualit\u00e9s","og_url":"https:\/\/www.rotronics.com\/fr\/blog\/","og_site_name":"Rotronics","article_modified_time":"2021-06-25T14:05:23+00:00","twitter_card":"summary_large_image","schema":{"@context":"https:\/\/schema.org","@graph":[{"@type":"WebPage","@id":"https:\/\/www.rotronics.com\/fr\/blog\/","url":"https:\/\/www.rotronics.com\/fr\/blog\/","name":"Actualit\u00e9s","isPartOf":{"@id":"https:\/\/www.rotronics.com\/fr\/#website"},"datePublished":"2019-12-04T18:57:50+00:00","dateModified":"2021-06-25T14:05:23+00:00","inLanguage":"fr-FR","potentialAction":[{"@type":"ReadAction","target":["https:\/\/www.rotronics.com\/fr\/blog\/"]}]},{"@type":"WebSite","@id":"https:\/\/www.rotronics.com\/fr\/#website","url":"https:\/\/www.rotronics.com\/fr\/","name":"Rotronics","description":"Bancs essais v\u00e9hicules, moteurs et composants","potentialAction":[{"@type":"SearchAction","target":{"@type":"EntryPoint","urlTemplate":"https:\/\/www.rotronics.com\/fr\/?s={search_term_string}"},"query-input":{"@type":"PropertyValueSpecification","valueRequired":true,"valueName":"search_term_string"}}],"inLanguage":"fr-FR"}]}},"_links":{"self":[{"href":"https:\/\/www.rotronics.com\/fr\/wp-json\/wp\/v2\/pages\/2511","targetHints":{"allow":["GET"]}}],"collection":[{"href":"https:\/\/www.rotronics.com\/fr\/wp-json\/wp\/v2\/pages"}],"about":[{"href":"https:\/\/www.rotronics.com\/fr\/wp-json\/wp\/v2\/types\/page"}],"author":[{"embeddable":true,"href":"https:\/\/www.rotronics.com\/fr\/wp-json\/wp\/v2\/users\/1"}],"replies":[{"embeddable":true,"href":"https:\/\/www.rotronics.com\/fr\/wp-json\/wp\/v2\/comments?post=2511"}],"version-history":[{"count":5,"href":"https:\/\/www.rotronics.com\/fr\/wp-json\/wp\/v2\/pages\/2511\/revisions"}],"predecessor-version":[{"id":3817,"href":"https:\/\/www.rotronics.com\/fr\/wp-json\/wp\/v2\/pages\/2511\/revisions\/3817"}],"wp:attachment":[{"href":"https:\/\/www.rotronics.com\/fr\/wp-json\/wp\/v2\/media?parent=2511"}],"curies":[{"name":"wp","href":"https:\/\/api.w.org\/{rel}","templated":true}]}}