{"id":434,"date":"2019-09-09T17:06:01","date_gmt":"2019-09-09T15:06:01","guid":{"rendered":"https:\/\/www.rotronics.com\/?page_id=434"},"modified":"2021-05-06T02:53:40","modified_gmt":"2021-05-06T00:53:40","slug":"confidentialite-et-cookie","status":"publish","type":"page","link":"https:\/\/www.rotronics.com\/fr\/confidentialite-et-cookie\/","title":{"rendered":"Confidentialit\u00e9 et cookie"},"content":{"rendered":"<div class=\"fusion-fullwidth fullwidth-box fusion-builder-row-1 nonhundred-percent-fullwidth non-hundred-percent-height-scrolling lp\" style=\"--awb-border-radius-top-left:0px;--awb-border-radius-top-right:0px;--awb-border-radius-bottom-right:0px;--awb-border-radius-bottom-left:0px;--awb-padding-bottom:30px;--awb-flex-wrap:wrap;\" ><div class=\"fusion-builder-row fusion-row\"><div class=\"fusion-layout-column fusion_builder_column fusion-builder-column-0 fusion_builder_column_1_1 1_1 fusion-one-full fusion-column-first fusion-column-last fusion-column-no-min-height\" style=\"--awb-bg-size:cover;\"><div class=\"fusion-column-wrapper fusion-column-has-shadow fusion-flex-column-wrapper-legacy\"><div class=\"fusion-text fusion-text-1\"><h1 class=\"text-left\">Confidentialit\u00e9 et cookie<\/h1>\n<\/div><div class=\"fusion-clearfix\"><\/div><\/div><\/div><div class=\"fusion-layout-column fusion_builder_column fusion-builder-column-1 fusion_builder_column_1_1 1_1 fusion-one-full fusion-column-first fusion-column-last\" style=\"--awb-bg-size:cover;\"><div class=\"fusion-column-wrapper fusion-column-has-shadow fusion-flex-column-wrapper-legacy\"><div class=\"fusion-column-content-centered\"><div class=\"fusion-column-content\"><div class=\"fusion-text fusion-text-2\"><p>La pr\u00e9sente politique de confidentialit\u00e9 d\u00e9finit et vous informe de la mani\u00e8re dont Rotronics, en tant que responsable de traitement, utilise et prot\u00e8ge les informations que vous transmettez lorsque vous utilisez le site rotronics.com (ci-apr\u00e8s \u00ab le Site \u00bb).<\/p>\n<p>Cette politique de confidentialit\u00e9 est susceptible d\u2019\u00eatre modifi\u00e9e ou compl\u00e9t\u00e9e \u00e0 tout moment par Rotronics. La date de sa mise \u00e0 jour sera alors express\u00e9ment pr\u00e9cis\u00e9e. Ces modifications vous engagent d\u00e8s leur mise en ligne et nous vous conseillons de les consulter r\u00e9guli\u00e8rement.<\/p>\n<p>En utilisant le Site, vous consentez express\u00e9ment \u00e0 notre politique de confidentialit\u00e9, dont vous d\u00e9clarez avoir pris parfaite connaissance.<\/p>\n<p><strong>1. Informations collect\u00e9es<\/strong><\/p>\n<p>Rotronics recueille des informations personnelles vous concernant lorsque vous demandez un devis ou utilisez nos formulaires de contact. Les informations collect\u00e9es sont votre nom, pr\u00e9nom, adresse e-mail et num\u00e9ro de t\u00e9l\u00e9phone.<br \/>\nEnfin, nous recevons et enregistrons automatiquement des informations \u00e0 partir de votre ordinateur et de votre navigateur, y compris votre adresse IP, lorsque vous visitez le Site.<\/p>\n<p><strong>2. Finalit\u00e9s de la collecte des informations<\/strong><\/p>\n<p>Toute les informations que nous recueillons aupr\u00e8s de vous sont utilis\u00e9es pour :<\/p>\n<p>\u2022 Vous contacter par e-mail ou par t\u00e9l\u00e9phone notamment dans le cadre de la gestion de vos commandes ou vous envoyer des informations importantes concernant le Site, telles que par exemple la modification de nos conditions et politiques,<br \/>\n\u2022 Vous informer sur les produits, programmes, services et promotions susceptibles de vous int\u00e9resser, sous r\u00e9serve de votre autorisation pr\u00e9alable,<br \/>\n\u2022 Am\u00e9liorer la performance de notre Site,<br \/>\n\u2022 Personnaliser votre exp\u00e9rience sur le Site et r\u00e9pondre \u00e0 vos besoins individuels<\/p>\n<p>Ce traitement est n\u00e9cessaire \u00e0 l\u2019ex\u00e9cution de nos obligations contractuelles et est fond\u00e9 sur notre int\u00e9r\u00eat l\u00e9gitime d\u2019am\u00e9liorer nos services et la compr\u00e9hension des attentes des utilisateurs du Site.<\/p>\n<p><strong>3. Dur\u00e9e de conservation<\/strong><br \/>\nSi vous laissez un commentaire, le commentaire et ses m\u00e9tadonn\u00e9es sont conserv\u00e9s ind\u00e9finiment. Cela permet de reconna\u00eetre et approuver automatiquement les commentaires suivants au lieu de les laisser dans la file de mod\u00e9ration. Si vous d\u00e9posez un commentaire sur notre site, il vous sera propos\u00e9 d\u2019enregistrer votre nom, adresse de messagerie et site web dans des cookies. C\u2019est uniquement pour votre confort afin de ne pas avoir \u00e0 saisir ces informations si vous d\u00e9posez un autre commentaire plus tard. Ces cookies expirent au bout d\u2019un an.<\/p>\n<p>Si vous vous rendez sur la page de connexion, un cookie temporaire sera cr\u00e9\u00e9 afin de d\u00e9terminer si votre navigateur accepte les cookies. Il ne contient pas de donn\u00e9es personnelles et sera supprim\u00e9 automatiquement \u00e0 la fermeture de votre navigateur.<\/p>\n<p>Lorsque vous vous connecterez, nous mettrons en place un certain nombre de cookies pour enregistrer vos informations de connexion et vos pr\u00e9f\u00e9rences d\u2019\u00e9cran. La dur\u00e9e de vie d\u2019un cookie de connexion est de deux jours, celle d\u2019un cookie d\u2019option d\u2019\u00e9cran est d\u2019un an. Si vous cochez \u00ab&nbsp;Se souvenir de moi&nbsp;\u00bb, votre cookie de connexion sera conserv\u00e9 pendant deux semaines. Si vous vous d\u00e9connectez de votre compte, le cookie de connexion sera effac\u00e9.<\/p>\n<p>En modifiant ou en publiant une publication, un cookie suppl\u00e9mentaire sera enregistr\u00e9 dans votre navigateur. Ce cookie ne comprend aucune donn\u00e9e personnelle. Il indique simplement l\u2019ID de la publication que vous venez de modifier. Il expire au bout d\u2019un jour.<\/p>\n<p>Pour les utilisateurs et utilisatrices qui s\u2019enregistrent sur notre site (si cela est possible), nous stockons \u00e9galement les donn\u00e9es personnelles indiqu\u00e9es dans leur profil. Tous les utilisateurs et utilisatrices peuvent voir, modifier ou supprimer leurs informations personnelles \u00e0 tout moment (\u00e0 l\u2019exception de leur nom d\u2019utilisateur\u00b7ice). Les gestionnaires du site peuvent aussi voir et modifier ces informations.<\/p>\n<p>Rotronics ne conserve les donn\u00e9es \u00e0 caract\u00e8re personnel que pendant le temps n\u00e9cessaire aux op\u00e9rations pour lesquelles elles ont \u00e9t\u00e9 collect\u00e9es.<br \/>\nEn particulier :<br \/>\n\u2022 Les informations stock\u00e9es dans le terminal des utilisateurs (cookies) ou tout autre \u00e9l\u00e9ment utilis\u00e9 pour identifier les utilisateurs et permettant la tra\u00e7abilit\u00e9 des utilisateurs sont conserv\u00e9s douze mois.<br \/>\n\u2022 Les donn\u00e9es prospect, c\u2019est \u00e0 dire des personnes ayant cr\u00e9\u00e9 un compte sur le Site sans effectuer d\u2019achat, sont conserv\u00e9es pendant un d\u00e9lai de deux ans \u00e0 compter de leur collecte ou de la derni\u00e8re connexion au Site du prospect. Ils peuvent d\u00e9cider \u00e0 tout moment de supprimer ou de modifier leurs donn\u00e9es s\u2019ils le souhaitent en contactant directement Rotronics.<\/p>\n<p><strong>4. Confidentialit\u00e9<\/strong><\/p>\n<p>Rotronics est seule propri\u00e9taire des informations recueillies sur le Site. Vos informations personnelles ne seront pas vendues, \u00e9chang\u00e9es, transf\u00e9r\u00e9es, ou donn\u00e9es \u00e0 une autre soci\u00e9t\u00e9 \u00e0 des fins commerciales, sans votre consentement.<\/p>\n<p>Ces donn\u00e9es pourront en revanche \u00eatre confi\u00e9es \u00e0 des sous-traitants pour la bonne ex\u00e9cution des commandes pass\u00e9es ou \u00e0 tiers responsables de la gestion et\/ou du fonctionnement du Site, lesquels ne sont en aucun cas autoris\u00e9s \u00e0 les utiliser \u00e0 des fins \u00e9trang\u00e8res au strict p\u00e9rim\u00e8tre de leur mission ou \u00e0 vendre, \u00e9changer ou transf\u00e9rer vos donn\u00e9es \u00e0 des tiers.<\/p>\n<p>Vos donn\u00e9es pourront \u00e9galement \u00eatre partag\u00e9s avec des tiers, uniquement dans les limites autoris\u00e9es (a) en vertu des lois applicables , (b) pour respecter les proc\u00e9dures l\u00e9gales, (c) pour r\u00e9pondre aux demandes des autorit\u00e9s gouvernementales et publiques m\u00eame lorsque celles-ci sont situ\u00e9es en dehors de votre pays de r\u00e9sidence, (d) pour garantir le respect de nos conditions g\u00e9n\u00e9rales de vente et d\u2019utilisation, (e) pour prot\u00e9ger nos droits et int\u00e9r\u00eats ainsi que ceux d\u2019autres personnes ou utilisateurs du Site.<\/p>\n<p>Vos donn\u00e9es non-nominatives, c\u2019est \u00e0 dire ne permettant pas votre identification pourront \u00e9ventuellement \u00eatre fournies \u00e0 des tiers \u00e0 des fins notamment de statistiques, de marketing ou de publicit\u00e9. Les articles de ce site peuvent inclure des contenus int\u00e9gr\u00e9s (par exemple des vid\u00e9os, images, articles\u2026). Le contenu int\u00e9gr\u00e9 depuis d\u2019autres sites se comporte de la m\u00eame mani\u00e8re que si le visiteur se rendait sur cet autre site. Ces sites web pourraient collecter des donn\u00e9es sur vous, utiliser des cookies, embarquer des outils de suivis tiers, suivre vos interactions avec ces contenus embarqu\u00e9s si vous disposez d\u2019un compte connect\u00e9 sur leur site web.<\/p>\n<div class=\"fusion-privacy-element fusion-privacy-element-1\">\n<div class=\"fusion-privacy-form-intro\">\n<p>Nous vous fournissons le choix d\u2019accepter ou non le contenu de ces applications tierces. Il vous suffit pour cela de d\u00e9cocher les cases ci-dessous et aucunes donn\u00e9es de ces tiers ne seront alors accept\u00e9s. Vous pouvez revenir sur votre d\u00e9cision quand vous le souhaitez en cochant ou d\u00e9cochant les cases ci dessous et en cliquant sur le bouton de mise \u00e0 jour.<\/p>\n<\/p>\n<\/div>\n<form id=\"fusion-privacy-form-1\" method=\"post\" class=\"fusion-privacy-form fusion-privacy-form-floated\">\n<ul>\n<li><label for=\"youtube\"><input name=\"consents&#091;&#093;\" type=\"checkbox\" value=\"youtube\" id=\"youtube\">YouTube<\/label><\/li>\n<li><label for=\"tracking\"><input name=\"consents&#091;&#093;\" type=\"checkbox\" value=\"tracking\" id=\"tracking\">Suivi des cookies<\/label><\/li>\n<\/ul>\n<p><input type=\"hidden\" name=\"_wp_http_referer\" value=\"\/confidentialite-et-cookie\/\"><input type=\"hidden\" name=\"privacyformid\" value=\"1\"><input type=\"hidden\" name=\"consents&#091;&#093;\" value=\"consent\"><input class=\"fusion-button fusion-button-default fusion-button-default-size\" type=\"submit\" value=\"Update\"><\/form>\n<\/div>\n<p><strong>5. Protection des informations<\/strong><\/p>\n<p>Nous mettons en \u0153uvre une vari\u00e9t\u00e9 de mesures de s\u00e9curit\u00e9 pour pr\u00e9server la s\u00e9curit\u00e9 de vos informations personnelles. Nous utilisons un cryptage \u00e0 la pointe de la technologie pour prot\u00e9ger les informations sensibles transmises en ligne. Nous prot\u00e9geons \u00e9galement vos informations hors ligne. Seuls les employ\u00e9s qui ont besoin d\u2019effectuer un travail sp\u00e9cifique (par exemple, la facturation ou le service client\u00e8le) ont acc\u00e8s aux informations personnelles nominatives.<\/p>\n<p>Nous nous assurons que tout prestataire ou sous-traitant auquel nous pourrions faire appel dans le cadre du recueil et du traitement des donn\u00e9es que vous nous communiquez pr\u00e9sente des garanties ad\u00e9quates en mati\u00e8re de confidentialit\u00e9, d\u2019usage et de protection des donn\u00e9es.<\/p>\n<p><strong>6. Droit d\u2019acc\u00e8s, de rectification et d\u2019opposition<\/strong><\/p>\n<p>Vous disposez d\u2019un droit d\u2019acc\u00e8s, de limitation, de rectification, d\u2019effacement et d\u2019opposition \u00e0 l\u2019utilisation de vos donn\u00e9es personnelles transmises au Site.<\/p>\n<p>Toute demande en ce sens doit \u00eatre adress\u00e9e au responsable du traitement du Site en envoyant un email \u00e0 contact@rotronics.com<\/p>\n<p>Compte tenu de notre obligation de s\u00e9curit\u00e9 et de confidentialit\u00e9 dans le traitement des donn\u00e9es \u00e0 caract\u00e8re personnel, toute demande devra obligatoirement \u00eatre accompagn\u00e9e de la photocopie ou d\u2019un scan de votre titre d\u2019identit\u00e9 (carte d\u2019identit\u00e9, passeport, permis de conduire).<\/p>\n<p>Nous vous r\u00e9pondrons dans un d\u00e9lai maximal d\u2019un mois suivant la r\u00e9ception de votre demande.<\/p>\n<p>Afin de vous assister dans vos d\u00e9marches, la CNIL a \u00e9labor\u00e9 des mod\u00e8les de courriers permettant de demander :<\/p>\n<p>\u2013 L\u2019acc\u00e8s \u00e0 ses donn\u00e9es personnelles :<br \/>\nhttps:\/\/www.cnil.fr\/fr\/modele\/courrier\/exercer-son-droit-dacces<\/p>\n<p>\u2013 La rectification, la mise \u00e0 jour, le verrouillage ou l\u2019effacement de vos donn\u00e9es personnelles :<br \/>\nhttps:\/\/www.cnil.fr\/fr\/modele\/courrier\/rectifier-des-donnees-inexactes-obsoletes-ou-perimees<\/p>\n<p>\u2013 L\u2019opposition au traitement de vos donn\u00e9es personnelles pour un motif l\u00e9gitime ou lorsque vos donn\u00e9es sont utilis\u00e9es \u00e0 des fins de prospection commerciale :<br \/>\nhttps:\/\/www.cnil.fr\/fr\/modele\/courrier\/supprimer-des-informations-vous-concernant-dun-site-internet<\/p>\n<p><strong>7. Politique relative \u00e0 l\u2019utilisation de Cookies<\/strong><\/p>\n<p>Lorsque vous vous connectez au Site, Rotronics pourra proc\u00e9der \u00e0 l\u2019implantation d\u2019un cookie sur le disque dur de votre terminal afin de vous garantir une navigation fluide et optimale sur le Site. Les \u00ab cookies \u00bb (\u00e9galement appel\u00e9s \u00ab t\u00e9moins de connexion \u00bb) nous permettent de reconna\u00eetre votre ordinateur, votre tablette ou votre mobile aux fins de personnaliser les services que nous vous proposons \u00e0 travers le Site.<\/p>\n<p>Pour vous en informer, un bandeau s\u2019affiche au bas de votre \u00e9cran lors de votre connexion au Site. Vous pouvez refuser \u00e0 tout moment le d\u00e9p\u00f4t de cookies sur votre terminal en param\u00e9trant votre navigateur internet. Dans une telle hypoth\u00e8se, nous ne pourrons toutefois vous garantir le fonctionnement optimal du Site et nous ne saurions \u00eatre tenus responsables des \u00e9ventuelles cons\u00e9quences li\u00e9es \u00e0 l\u2019alt\u00e9ration de vos conditions de navigation sur le Site qui r\u00e9sulteraient de votre choix de refuser ou de bloquer les cookies n\u00e9cessaires au bon fonctionnement de celle-ci.<\/p>\n<p>Pour vous guider dans vos param\u00e9trages, la CNIL a mis au point une page d\u00e9di\u00e9e \u00e0 la maitrise des cookies, consultable \u00e0 travers le lien suivant : https:\/\/www.cnil.fr\/fr\/cookies-les-outils-pour-les-maitriser.<\/p>\n<p>Les informations collect\u00e9es par le biais des cookies ne permettent nullement de vous identifier de mani\u00e8re nominative et ont uniquement pour objet de nous aider \u00e0 analyser et accro\u00eetre la performance du Site.<\/p>\n<p>Conform\u00e9ment aux recommandations de la CNIL, les cookies strictement n\u00e9cessaires au fonctionnement du Site ne sont soumis \u00e0 aucune obligation pr\u00e9alable de votre part. En revanche, votre accord expr\u00e8s est exig\u00e9 pr\u00e9alablement \u00e0 l\u2019utilisation de cookies \u00e9mis par des tiers, lesquels sont soumis aux politiques de confidentialit\u00e9 de ces derniers, consultables sur leurs sites internet. Ces cookies peuvent \u00eatre des cookies de mesure d\u2019audience, des cookies publicitaires, ou encore des cookies de partage de r\u00e9seaux sociaux.<\/p>\n<p><strong>8. Recours<\/strong><\/p>\n<p>Si vous estimez que nous ne respectons pas nos obligations au regard de la collecte et du traitement de vos donn\u00e9es personnelles, vous pouvez adresser une plainte \u00e0 la CNIL par courrier ou par voie \u00e9lectronique \u00e0 travers le lien suivant : https:\/\/www.cnil.fr\/fr\/plaintes\/internet.<\/p>\n<p>\u2013 Mai 2021 \u2013<\/p>\n<\/div><\/div><\/div><div class=\"fusion-clearfix\"><\/div><\/div><\/div><\/div><\/div>\n","protected":false},"excerpt":{"rendered":"","protected":false},"author":1,"featured_media":0,"parent":0,"menu_order":0,"comment_status":"closed","ping_status":"closed","template":"100-width.php","meta":{"footnotes":""},"class_list":["post-434","page","type-page","status-publish","hentry"],"yoast_head":"<!-- This site is optimized with the Yoast SEO plugin v27.4 - https:\/\/yoast.com\/product\/yoast-seo-wordpress\/ -->\n<title>Confidentialit\u00e9 et cookie<\/title>\n<meta name=\"robots\" content=\"index, follow, max-snippet:-1, max-image-preview:large, max-video-preview:-1\" \/>\n<link rel=\"canonical\" href=\"https:\/\/www.rotronics.com\/fr\/confidentialite-et-cookie\/\" \/>\n<meta property=\"og:locale\" content=\"fr_FR\" \/>\n<meta property=\"og:type\" content=\"article\" \/>\n<meta property=\"og:title\" content=\"Confidentialit\u00e9 et cookie\" \/>\n<meta property=\"og:url\" content=\"https:\/\/www.rotronics.com\/fr\/confidentialite-et-cookie\/\" \/>\n<meta property=\"og:site_name\" content=\"Rotronics\" \/>\n<meta property=\"article:modified_time\" content=\"2021-05-06T00:53:40+00:00\" \/>\n<meta name=\"twitter:card\" content=\"summary_large_image\" \/>\n<script type=\"application\/ld+json\" class=\"yoast-schema-graph\">{\"@context\":\"https:\\\/\\\/schema.org\",\"@graph\":[{\"@type\":\"WebPage\",\"@id\":\"https:\\\/\\\/www.rotronics.com\\\/fr\\\/confidentialite-et-cookie\\\/\",\"url\":\"https:\\\/\\\/www.rotronics.com\\\/fr\\\/confidentialite-et-cookie\\\/\",\"name\":\"Confidentialit\u00e9 et cookie\",\"isPartOf\":{\"@id\":\"https:\\\/\\\/www.rotronics.com\\\/fr\\\/#website\"},\"datePublished\":\"2019-09-09T15:06:01+00:00\",\"dateModified\":\"2021-05-06T00:53:40+00:00\",\"inLanguage\":\"fr-FR\",\"potentialAction\":[{\"@type\":\"ReadAction\",\"target\":[\"https:\\\/\\\/www.rotronics.com\\\/fr\\\/confidentialite-et-cookie\\\/\"]}]},{\"@type\":\"WebSite\",\"@id\":\"https:\\\/\\\/www.rotronics.com\\\/fr\\\/#website\",\"url\":\"https:\\\/\\\/www.rotronics.com\\\/fr\\\/\",\"name\":\"Rotronics\",\"description\":\"Bancs essais v\u00e9hicules, moteurs et composants\",\"potentialAction\":[{\"@type\":\"SearchAction\",\"target\":{\"@type\":\"EntryPoint\",\"urlTemplate\":\"https:\\\/\\\/www.rotronics.com\\\/fr\\\/?s={search_term_string}\"},\"query-input\":{\"@type\":\"PropertyValueSpecification\",\"valueRequired\":true,\"valueName\":\"search_term_string\"}}],\"inLanguage\":\"fr-FR\"}]}<\/script>\n<!-- \/ Yoast SEO plugin. -->","yoast_head_json":{"title":"Confidentialit\u00e9 et cookie","robots":{"index":"index","follow":"follow","max-snippet":"max-snippet:-1","max-image-preview":"max-image-preview:large","max-video-preview":"max-video-preview:-1"},"canonical":"https:\/\/www.rotronics.com\/fr\/confidentialite-et-cookie\/","og_locale":"fr_FR","og_type":"article","og_title":"Confidentialit\u00e9 et cookie","og_url":"https:\/\/www.rotronics.com\/fr\/confidentialite-et-cookie\/","og_site_name":"Rotronics","article_modified_time":"2021-05-06T00:53:40+00:00","twitter_card":"summary_large_image","schema":{"@context":"https:\/\/schema.org","@graph":[{"@type":"WebPage","@id":"https:\/\/www.rotronics.com\/fr\/confidentialite-et-cookie\/","url":"https:\/\/www.rotronics.com\/fr\/confidentialite-et-cookie\/","name":"Confidentialit\u00e9 et cookie","isPartOf":{"@id":"https:\/\/www.rotronics.com\/fr\/#website"},"datePublished":"2019-09-09T15:06:01+00:00","dateModified":"2021-05-06T00:53:40+00:00","inLanguage":"fr-FR","potentialAction":[{"@type":"ReadAction","target":["https:\/\/www.rotronics.com\/fr\/confidentialite-et-cookie\/"]}]},{"@type":"WebSite","@id":"https:\/\/www.rotronics.com\/fr\/#website","url":"https:\/\/www.rotronics.com\/fr\/","name":"Rotronics","description":"Bancs essais v\u00e9hicules, moteurs et composants","potentialAction":[{"@type":"SearchAction","target":{"@type":"EntryPoint","urlTemplate":"https:\/\/www.rotronics.com\/fr\/?s={search_term_string}"},"query-input":{"@type":"PropertyValueSpecification","valueRequired":true,"valueName":"search_term_string"}}],"inLanguage":"fr-FR"}]}},"_links":{"self":[{"href":"https:\/\/www.rotronics.com\/fr\/wp-json\/wp\/v2\/pages\/434","targetHints":{"allow":["GET"]}}],"collection":[{"href":"https:\/\/www.rotronics.com\/fr\/wp-json\/wp\/v2\/pages"}],"about":[{"href":"https:\/\/www.rotronics.com\/fr\/wp-json\/wp\/v2\/types\/page"}],"author":[{"embeddable":true,"href":"https:\/\/www.rotronics.com\/fr\/wp-json\/wp\/v2\/users\/1"}],"replies":[{"embeddable":true,"href":"https:\/\/www.rotronics.com\/fr\/wp-json\/wp\/v2\/comments?post=434"}],"version-history":[{"count":5,"href":"https:\/\/www.rotronics.com\/fr\/wp-json\/wp\/v2\/pages\/434\/revisions"}],"predecessor-version":[{"id":2956,"href":"https:\/\/www.rotronics.com\/fr\/wp-json\/wp\/v2\/pages\/434\/revisions\/2956"}],"wp:attachment":[{"href":"https:\/\/www.rotronics.com\/fr\/wp-json\/wp\/v2\/media?parent=434"}],"curies":[{"name":"wp","href":"https:\/\/api.w.org\/{rel}","templated":true}]}}